{"id":5071,"date":"2022-02-21T20:38:01","date_gmt":"2022-02-21T20:38:01","guid":{"rendered":"https:\/\/rotechled.com\/contact-us\/"},"modified":"2022-04-21T19:43:51","modified_gmt":"2022-04-21T19:43:51","slug":"contact-us","status":"publish","type":"page","link":"https:\/\/rotechled.com\/en\/contact-us\/","title":{"rendered":"Contact Us"},"content":{"rendered":"<section class=\"wpb-content-wrapper\"><p>[vc_row][vc_column]\n\n    <!-- Contacts -->\n\n\n    <main             class=\" main main-inner main-project \"\n            data-stellar-background-ratio=\"0.6\">\n        <div class=\"container\">\n            <header class=\"main-header\">\n                <h1>NOUS JOINDRE<\/h1>\n\t\t\t\t                    <div class=\"project-title-info\">\n\t\t\t\t\t\t\n\n\t\t\t\t\t\t                    <\/div>\n\t\t\t\t            <\/header>\n        <\/div>\n\n        <!-- Lines -->\n\n        <div class=\"page-lines\">\n            <div class=\"container\">\n                <div class=\"col-line col-xs-4\">\n                    <div class=\"line\"><\/div>\n                <\/div>\n                <div class=\"col-line col-xs-4\">\n                    <div class=\"line\"><\/div>\n                <\/div>\n                <div class=\"col-line col-xs-4\">\n                    <div class=\"line\"><\/div>\n                    <div class=\"line\"><\/div>\n                <\/div>\n            <\/div>\n        <\/div>\n    <\/main>\n\t[vc_row_inner equal_height=&#8221;yes&#8221; content_placement=&#8221;middle&#8221; css=&#8221;.vc_custom_1615413193530{padding-top: 0px !important;padding-bottom: 0px !important;background-color: #38b4ff !important;}&#8221;][vc_column_inner width=&#8221;2\/3&#8243; css=&#8221;.vc_custom_1614352146858{margin-bottom: 0px !important;padding-top: 0px !important;padding-bottom: 0px !important;}&#8221;][vc_column_text]<iframe loading=\"lazy\" style=\"border: 0;\" src=\"https:\/\/www.google.com\/maps\/embed?pb=!1m18!1m12!1m3!1d2721.1867876783194!2d-71.36131588479599!3d46.997305237861454!2m3!1f0!2f0!3f0!3m2!1i1024!2i768!4f13.1!3m3!1m2!1s0x4cb8a64402c9a939%3A0x8376e31bed6aa62e!2s2747a%20Boulevard%20Talbot%2C%20Stoneham-et-Tewkesbury%2C%20QC%20G3C%200V1!5e0!3m2!1sfr!2sca!4v1614351826772!5m2!1sfr!2sca\" width=\"100%\" height=\"542\" allowfullscreen=\"allowfullscreen\"><\/iframe>[\/vc_column_text][\/vc_column_inner][vc_column_inner width=&#8221;1\/3&#8243;][vc_column_text el_class=&#8221;white&#8221;]<\/p>\n<div class=\"contact-row\">\n<div class=\"contact-body\">\n<h4>Phone<\/h4>\n<div class=\" phone-row\">418 849-8696<\/div>\n<div class=\" phone-row\">1 800 551-8696<\/div>\n<div class=\" phone-row\">Fax : 418 849-4865<\/div>\n<\/div>\n<\/div>\n<div class=\"contact-row\">\n<p>&nbsp;<\/p>\n<div class=\"contact-body\">\n<h4>EMAIL<\/h4>\n<div class=\" contact-content\"><a style=\"color: #ffffff;\" href=\"mailto:contact@rotechled.com\">contact@rotechled.com<\/a><\/div>\n<\/div>\n<\/div>\n<div class=\"contact-row\">\n<p>&nbsp;<\/p>\n<div class=\"contact-body\">\n<h4>ADDRESS<\/h4>\n<div class=\" contact-content\">2747A Talbot Blvd<br \/>\nStoneham (QC) G3C1K2<\/div>\n<\/div>\n<\/div>\n<p>[\/vc_column_text][\/vc_column_inner][\/vc_row_inner]\n\n    <!-- Contacts -->\n\n    <section             class=\"contacts section \">\n        <div class=\"container\">\n            <header class=\"section-header\">\n                <h2 class=\"section-title\">Formulaire <span class=\"text-primary\">de contact<\/span><\/h2>\n                <strong class=\"fade-title-right\">contact<\/strong>\n            <\/header>\n            <div class=\"section-content\">\n                <div class=\"row-base row\">\n                    <div class=\"col-address col-base col-md-4\">\n\t\t\t\t\t\t1 800 551-8696<\/br>contact@rotechled.com<br>                    <\/div>\n                    <div class=\"col-base  col-md-8\">\n                        <form class=\"js-ajax-form\">\n                            <div class=\"row-field row\">\n                                <div class=\"col-field col-sm-6 col-md-4\">\n                                    <div class=\"form-group\">\n\n\n                                        <input type=\"text\" class=\"form-control\" name=\"name\"\n                                               placeholder=\"Nom *\">\n                                    <\/div>\n                                    <div class=\"form-group\">\n                                        <input type=\"email\" class=\"form-control\" name=\"email\" required\n                                               placeholder=\"Courriel *\">\n                                    <\/div>\n\n                                <\/div>\n                                <div class=\"col-field col-sm-6 col-md-4\">\n                                    <div class=\"form-group\">\n                                        <input type=\"tel\" class=\"form-control\" name=\"phone\"\n                                               placeholder=\"T\u00e9l\u00e9phone\">\n                                    <\/div>\n                                    <div class=\"form-group\">\n                                        <input  type=\"text\" class=\"form-control\" name=\"company\"\n                                               placeholder=\" Compagnie\">\n                                    <\/div>\n                                <\/div>\n                                <div class=\"col-field col-sm-12 col-md-4\">\n                                    <div class=\"form-group\">\n                                        <textarea name=\"message\" placeholder=\" Message*\"><\/textarea>\n                                    <\/div>\n                                <\/div>\n\n\n                                <div class=\"col-message col-field col-sm-12\">\n                                    <div class=\"form-group\">\n                                        <div class=\"success-message\"><i\n\t\t\t\t\t\t\t\t\t\t\t\t\n\n                                                    class=\"fa fa-check text-primary\"><\/i> Merci ! Votre message a \u00e9t\u00e9 envoy\u00e9 avec succ\u00e8s.<\/div>\n                                        <div class=\"error-message\">Nous sommes d\u00e9sol\u00e9s, mais quelque chose n'a pas fonctionn\u00e9. Veuillez essayer de nouveau.<\/div>\n                                    <\/div>\n                                <\/div>\n                            <\/div>\n                            <div class=\"form-submit text-right\">\n                                <button type=\"submit\"\n                                        class=\"btn btn-shadow-2 wow swing\">Envoyer <i class=\"icon-next\"><\/i><\/button>\n                            <\/div>\n                        <\/form>\n                    <\/div>\n                <\/div>\n            <\/div>\n        <\/div>\n    <\/section>\n\n\t[\/vc_column][\/vc_row][vc_row disable_element=&#8221;yes&#8221;][vc_column]\n\n    <!-- Objects -->\n\n    <section             class=\"objects section  \">\n        <div class=\"container\">\n            <header class=\"section-header\">\n                <h2 class=\"section-title\">WE ARE <span\n                            class=\"text-primary\">WORLDWIDE<\/span><\/h2>\n            <\/header>\n            <div class=\"section-content\">\n                <div class=\"objects\">\n\t\t\t\t\t                    <img alt=\"\" class=\"img-responsive\" src=\"https:\/\/rotechled.com\/wp-content\/uploads\/2016\/11\/map.png\">\n\n                    <!-- Objects -->\n\t\t\t\t\t                            <div class=\"object-label\"\n                                 style=\"left:25.7%; top: 39.1%;\">\n                                <div class=\"object-info in   \">\n                                    <h3 class=\"object-title\">New York<\/h3>\n                                    <div class=\"object-content\">\n\t\t\t\t\t\t\t\t\t\t+0 595-510-1352<br>\n                    flatley.don@weissnat.me<br>\n                    713 Dibbert Bridge                                    <\/div>\n                                <\/div>\n                            <\/div>\n\t\t\t\t\t\t                            <div class=\"object-label\"\n                                 style=\"left:12.6%; top:42%;\">\n                                <div class=\"object-info    \">\n                                    <h3 class=\"object-title\">Chicago<\/h3>\n                                    <div class=\"object-content\">\n\t\t\t\t\t\t\t\t\t\t+0 595-510-1352<br>\n                    flatley.don@weissnat.me<br>\n                    713 Dibbert Bridge                                    <\/div>\n                                <\/div>\n                            <\/div>\n\t\t\t\t\t\t                            <div class=\"object-label\"\n                                 style=\"left: 32.2%; top: 80.6%;\">\n                                <div class=\"object-info    \">\n                                    <h3 class=\"object-title\">Brazil<\/h3>\n                                    <div class=\"object-content\">\n\t\t\t\t\t\t\t\t\t\t+0 595-510-1352<br>\n                    flatley.don@weissnat.me<br>\n                    713 Dibbert Bridge                                    <\/div>\n                                <\/div>\n                            <\/div>\n\t\t\t\t\t\t                            <div class=\"object-label\"\n                                 style=\"left:48.5%; top: 28.3%;\">\n                                <div class=\"object-info    \">\n                                    <h3 class=\"object-title\">Madrid<\/h3>\n                                    <div class=\"object-content\">\n\t\t\t\t\t\t\t\t\t\t+0 595-510-1352<br>\n                    flatley.don@weissnat.me<br>\n                    713 Dibbert Bridge                                    <\/div>\n                                <\/div>\n                            <\/div>\n\t\t\t\t\t\t                            <div class=\"object-label\"\n                                 style=\"left:52.4%; top:17.7% ;\">\n                                <div class=\"object-info    \">\n                                    <h3 class=\"object-title\">Oslo <\/h3>\n                                    <div class=\"object-content\">\n\t\t\t\t\t\t\t\t\t\t+0 595-510-1352<br>\n                    flatley.don@weissnat.me<br>\n                    713 Dibbert Bridge                                    <\/div>\n                                <\/div>\n                            <\/div>\n\t\t\t\t\t\t                            <div class=\"object-label\"\n                                 style=\"left:62.4%; top:24.4%  ;\">\n                                <div class=\"object-info    \">\n                                    <h3 class=\"object-title\">Moscow <\/h3>\n                                    <div class=\"object-content\">\n\t\t\t\t\t\t\t\t\t\t+0 595-510-1352<br>\n                    flatley.don@weissnat.me<br>\n                    713 Dibbert Bridge                                    <\/div>\n                                <\/div>\n                            <\/div>\n\t\t\t\t\t\t                            <div class=\"object-label\"\n                                 style=\"left:82.4%; top:42.4%  ;\">\n                                <div class=\"object-info    \">\n                                    <h3 class=\"object-title\">Peking<\/h3>\n                                    <div class=\"object-content\">\n\t\t\t\t\t\t\t\t\t\t+0 595-510-1352<br>\n                    flatley.don@weissnat.me<br>\n                    713 Dibbert Bridge                                    <\/div>\n                                <\/div>\n                            <\/div>\n\t\t\t\t\t\t\n                <\/div>\n            <\/div>\n        <\/div>\n    <\/section>\n\n\n\t[\/vc_column][\/vc_row]<\/p>\n<\/section>","protected":false},"excerpt":{"rendered":"<p>[\/vc_row]<\/p>\n","protected":false},"author":1,"featured_media":0,"parent":0,"menu_order":0,"comment_status":"closed","ping_status":"closed","template":"template-fullwidth.php","meta":{"_monsterinsights_skip_tracking":false,"_monsterinsights_sitenote_active":false,"_monsterinsights_sitenote_note":"","_monsterinsights_sitenote_category":0,"ngg_post_thumbnail":0},"yoast_head":"<!-- This site is optimized with the Yoast SEO plugin v19.10 - https:\/\/yoast.com\/wordpress\/plugins\/seo\/ -->\n<title>Contact Us - Our contact information and how to reach us - RotechLED<\/title>\n<meta name=\"description\" content=\"See the different ways to contact us: phone, email and contact forms are available!\" \/>\n<meta name=\"robots\" content=\"index, follow, max-snippet:-1, max-image-preview:large, max-video-preview:-1\" \/>\n<link rel=\"canonical\" href=\"https:\/\/rotechled.com\/en\/contact-us\/\" \/>\n<meta property=\"og:locale\" content=\"en_US\" \/>\n<meta property=\"og:type\" content=\"article\" \/>\n<meta property=\"og:title\" content=\"Contact Us - Our contact information and how to reach us - RotechLED\" \/>\n<meta property=\"og:description\" content=\"See the different ways to contact us: phone, email and contact forms are available!\" \/>\n<meta property=\"og:url\" content=\"https:\/\/rotechled.com\/en\/contact-us\/\" \/>\n<meta property=\"og:site_name\" content=\"RotechLED\" \/>\n<meta property=\"article:publisher\" content=\"https:\/\/www.facebook.com\/Rotech-LED-678751168908662\" \/>\n<meta property=\"article:modified_time\" content=\"2022-04-21T19:43:51+00:00\" \/>\n<meta property=\"og:image\" content=\"https:\/\/rotechled.com\/wp-content\/uploads\/2021\/02\/Rotech-LED-Partage-facebook.jpg\" \/>\n\t<meta property=\"og:image:width\" content=\"1200\" \/>\n\t<meta property=\"og:image:height\" content=\"630\" \/>\n\t<meta property=\"og:image:type\" content=\"image\/jpeg\" \/>\n<meta name=\"twitter:card\" content=\"summary_large_image\" \/>\n<meta name=\"twitter:label1\" content=\"Est. reading time\" \/>\n\t<meta name=\"twitter:data1\" content=\"2 minutes\" \/>\n<script type=\"application\/ld+json\" class=\"yoast-schema-graph\">{\"@context\":\"https:\/\/schema.org\",\"@graph\":[{\"@type\":\"WebPage\",\"@id\":\"https:\/\/rotechled.com\/en\/contact-us\/\",\"url\":\"https:\/\/rotechled.com\/en\/contact-us\/\",\"name\":\"Contact Us - Our contact information and how to reach us - RotechLED\",\"isPartOf\":{\"@id\":\"https:\/\/rotechled.com\/en\/#website\"},\"datePublished\":\"2022-02-21T20:38:01+00:00\",\"dateModified\":\"2022-04-21T19:43:51+00:00\",\"description\":\"See the different ways to contact us: phone, email and contact forms are available!\",\"breadcrumb\":{\"@id\":\"https:\/\/rotechled.com\/en\/contact-us\/#breadcrumb\"},\"inLanguage\":\"en-US\",\"potentialAction\":[{\"@type\":\"ReadAction\",\"target\":[\"https:\/\/rotechled.com\/en\/contact-us\/\"]}]},{\"@type\":\"BreadcrumbList\",\"@id\":\"https:\/\/rotechled.com\/en\/contact-us\/#breadcrumb\",\"itemListElement\":[{\"@type\":\"ListItem\",\"position\":1,\"name\":\"Accueil\",\"item\":\"https:\/\/rotechled.com\/en\/\"},{\"@type\":\"ListItem\",\"position\":2,\"name\":\"Contact Us\"}]},{\"@type\":\"WebSite\",\"@id\":\"https:\/\/rotechled.com\/en\/#website\",\"url\":\"https:\/\/rotechled.com\/en\/\",\"name\":\"RotechLED\",\"description\":\"Notre limite, votre imagination\",\"publisher\":{\"@id\":\"https:\/\/rotechled.com\/en\/#organization\"},\"potentialAction\":[{\"@type\":\"SearchAction\",\"target\":{\"@type\":\"EntryPoint\",\"urlTemplate\":\"https:\/\/rotechled.com\/en\/?s={search_term_string}\"},\"query-input\":\"required name=search_term_string\"}],\"inLanguage\":\"en-US\"},{\"@type\":\"Organization\",\"@id\":\"https:\/\/rotechled.com\/en\/#organization\",\"name\":\"Rotech LED\",\"url\":\"https:\/\/rotechled.com\/en\/\",\"logo\":{\"@type\":\"ImageObject\",\"inLanguage\":\"en-US\",\"@id\":\"https:\/\/rotechled.com\/en\/#\/schema\/logo\/image\/\",\"url\":\"https:\/\/rotechled.com\/wp-content\/uploads\/2021\/02\/rotech-LED-logo-couleur.jpg\",\"contentUrl\":\"https:\/\/rotechled.com\/wp-content\/uploads\/2021\/02\/rotech-LED-logo-couleur.jpg\",\"width\":510,\"height\":117,\"caption\":\"Rotech LED\"},\"image\":{\"@id\":\"https:\/\/rotechled.com\/en\/#\/schema\/logo\/image\/\"},\"sameAs\":[\"https:\/\/www.instagram.com\/rotechled\/\",\"https:\/\/www.linkedin.com\/in\/rotechled\/\",\"https:\/\/www.facebook.com\/Rotech-LED-678751168908662\"]}]}<\/script>\n<!-- \/ Yoast SEO plugin. -->","yoast_head_json":{"title":"Contact Us - Our contact information and how to reach us - RotechLED","description":"See the different ways to contact us: phone, email and contact forms are available!","robots":{"index":"index","follow":"follow","max-snippet":"max-snippet:-1","max-image-preview":"max-image-preview:large","max-video-preview":"max-video-preview:-1"},"canonical":"https:\/\/rotechled.com\/en\/contact-us\/","og_locale":"en_US","og_type":"article","og_title":"Contact Us - Our contact information and how to reach us - RotechLED","og_description":"See the different ways to contact us: phone, email and contact forms are available!","og_url":"https:\/\/rotechled.com\/en\/contact-us\/","og_site_name":"RotechLED","article_publisher":"https:\/\/www.facebook.com\/Rotech-LED-678751168908662","article_modified_time":"2022-04-21T19:43:51+00:00","og_image":[{"width":1200,"height":630,"url":"https:\/\/rotechled.com\/wp-content\/uploads\/2021\/02\/Rotech-LED-Partage-facebook.jpg","type":"image\/jpeg"}],"twitter_card":"summary_large_image","twitter_misc":{"Est. reading time":"2 minutes"},"schema":{"@context":"https:\/\/schema.org","@graph":[{"@type":"WebPage","@id":"https:\/\/rotechled.com\/en\/contact-us\/","url":"https:\/\/rotechled.com\/en\/contact-us\/","name":"Contact Us - Our contact information and how to reach us - RotechLED","isPartOf":{"@id":"https:\/\/rotechled.com\/en\/#website"},"datePublished":"2022-02-21T20:38:01+00:00","dateModified":"2022-04-21T19:43:51+00:00","description":"See the different ways to contact us: phone, email and contact forms are available!","breadcrumb":{"@id":"https:\/\/rotechled.com\/en\/contact-us\/#breadcrumb"},"inLanguage":"en-US","potentialAction":[{"@type":"ReadAction","target":["https:\/\/rotechled.com\/en\/contact-us\/"]}]},{"@type":"BreadcrumbList","@id":"https:\/\/rotechled.com\/en\/contact-us\/#breadcrumb","itemListElement":[{"@type":"ListItem","position":1,"name":"Accueil","item":"https:\/\/rotechled.com\/en\/"},{"@type":"ListItem","position":2,"name":"Contact Us"}]},{"@type":"WebSite","@id":"https:\/\/rotechled.com\/en\/#website","url":"https:\/\/rotechled.com\/en\/","name":"RotechLED","description":"Notre limite, votre imagination","publisher":{"@id":"https:\/\/rotechled.com\/en\/#organization"},"potentialAction":[{"@type":"SearchAction","target":{"@type":"EntryPoint","urlTemplate":"https:\/\/rotechled.com\/en\/?s={search_term_string}"},"query-input":"required name=search_term_string"}],"inLanguage":"en-US"},{"@type":"Organization","@id":"https:\/\/rotechled.com\/en\/#organization","name":"Rotech LED","url":"https:\/\/rotechled.com\/en\/","logo":{"@type":"ImageObject","inLanguage":"en-US","@id":"https:\/\/rotechled.com\/en\/#\/schema\/logo\/image\/","url":"https:\/\/rotechled.com\/wp-content\/uploads\/2021\/02\/rotech-LED-logo-couleur.jpg","contentUrl":"https:\/\/rotechled.com\/wp-content\/uploads\/2021\/02\/rotech-LED-logo-couleur.jpg","width":510,"height":117,"caption":"Rotech LED"},"image":{"@id":"https:\/\/rotechled.com\/en\/#\/schema\/logo\/image\/"},"sameAs":["https:\/\/www.instagram.com\/rotechled\/","https:\/\/www.linkedin.com\/in\/rotechled\/","https:\/\/www.facebook.com\/Rotech-LED-678751168908662"]}]}},"_links":{"self":[{"href":"https:\/\/rotechled.com\/en\/wp-json\/wp\/v2\/pages\/5071"}],"collection":[{"href":"https:\/\/rotechled.com\/en\/wp-json\/wp\/v2\/pages"}],"about":[{"href":"https:\/\/rotechled.com\/en\/wp-json\/wp\/v2\/types\/page"}],"author":[{"embeddable":true,"href":"https:\/\/rotechled.com\/en\/wp-json\/wp\/v2\/users\/1"}],"replies":[{"embeddable":true,"href":"https:\/\/rotechled.com\/en\/wp-json\/wp\/v2\/comments?post=5071"}],"version-history":[{"count":14,"href":"https:\/\/rotechled.com\/en\/wp-json\/wp\/v2\/pages\/5071\/revisions"}],"predecessor-version":[{"id":6390,"href":"https:\/\/rotechled.com\/en\/wp-json\/wp\/v2\/pages\/5071\/revisions\/6390"}],"wp:attachment":[{"href":"https:\/\/rotechled.com\/en\/wp-json\/wp\/v2\/media?parent=5071"}],"curies":[{"name":"wp","href":"https:\/\/api.w.org\/{rel}","templated":true}]}}